{"id":44955,"date":"2023-10-27T14:11:21","date_gmt":"2023-10-27T13:11:21","guid":{"rendered":"https:\/\/amjdev.sotnasdesign.com\/?post_type=product&#038;p=44955"},"modified":"2025-11-25T17:32:24","modified_gmt":"2025-11-25T17:32:24","slug":"watch-hermes-heure-h-arabic-numerals-quartz-plaque-leather","status":"publish","type":"product","link":"https:\/\/alexandramatias.com\/en\/product\/watch-hermes-heure-h-arabic-numerals-quartz-plaque-leather\/","title":{"rendered":"Herm\u00e8s Heure H plaqu\u00e9 watch"},"content":{"rendered":"<p>Herm\u00e8s Heure H watch, quartz movement, plaqu\u00e9 case with 30 x 41mm and 7.8mm thick. White striped dial, Arabic numerals. Hour, minute and seconds hands. Sapphire crystal. Camel leather strap and Herm\u00e8s plaqu\u00e9 buckle. Herm\u00e8s box and documents. Includes 1 year in-house warranty.<\/p>\n","protected":false},"excerpt":{"rendered":"<p>Herm\u00e8s Heure H watch, quartz movement, plaqu\u00e9 case with 30 x 41mm and 7.8mm thick. White striped dial, Arabic numerals. Hour, minute and seconds hands. Sapphire crystal. Camel leather strap and Herm\u00e8s plaqu\u00e9 buckle. Herm\u00e8s box and documents. Includes 1 year in-house warranty.<\/p>\n","protected":false},"featured_media":19679,"template":"","meta":{"_acf_changed":false,"inline_featured_image":false},"product_cat":[1329],"product_tag":[],"class_list":{"0":"post-44955","1":"product","2":"type-product","3":"status-publish","4":"has-post-thumbnail","6":"product_cat-relogios","7":"pa_ano-4437","8":"pa_cor-da-bracelete-camel-en","9":"pa_cor-do-mostrador-white","10":"pa_data-de-compra-3293","11":"pa_descricao-de-condicoes-in-good-condition-may-show-slight-signs-of-use","12":"pa_diametro-da-caixa-30-en","13":"pa_espessura-78-en","14":"pa_estado-preowned","15":"pa_fecho-buckle","16":"pa_genero-unissexo","17":"pa_marca-hermes-2","18":"pa_material-da-bracelete-calf-skin","19":"pa_material-da-caixa-plaque","20":"pa_material-do-fecho-plaque","21":"pa_metal-common-metal","22":"pa_modelo-heure-h-hh1-801","23":"pa_movimento-quartz","24":"pa_notas-with-original-box-documents-and-1-year-warranty-a-specialist-guarantees-the-authenticity-if-its-already-sold-please-contact-us-and-we-will-try-to-find-another-one","25":"pa_numeros-do-mostrador-arabic-numerals","26":"pa_vidro-sapphire-crystal","28":"first","29":"outofstock","30":"taxable","31":"shipping-taxable","32":"purchasable","33":"product-type-simple"},"acf":[],"yoast_head":"<!-- This site is optimized with the Yoast SEO plugin v27.4 - https:\/\/yoast.com\/product\/yoast-seo-wordpress\/ -->\n<title>Herm\u00e8s Heure H plaqu\u00e9 watch - Alexandra Matias<\/title>\n<meta name=\"robots\" content=\"index, follow, max-snippet:-1, max-image-preview:large, max-video-preview:-1\" \/>\n<link rel=\"canonical\" href=\"https:\/\/alexandramatias.com\/en\/product\/watch-hermes-heure-h-arabic-numerals-quartz-plaque-leather\/\" \/>\n<meta property=\"og:locale\" content=\"en_US\" \/>\n<meta property=\"og:type\" content=\"article\" \/>\n<meta property=\"og:title\" content=\"Herm\u00e8s Heure H plaqu\u00e9 watch - Alexandra Matias\" \/>\n<meta property=\"og:description\" content=\"Herm\u00e8s Heure H watch, quartz movement, plaqu\u00e9 case with 30 x 41mm and 7.8mm thick. White striped dial, Arabic numerals. Hour, minute and seconds hands. Sapphire crystal. Camel leather strap and Herm\u00e8s plaqu\u00e9 buckle. Herm\u00e8s box and documents. Includes 1 year in-house warranty.\" \/>\n<meta property=\"og:url\" content=\"https:\/\/alexandramatias.com\/en\/product\/watch-hermes-heure-h-arabic-numerals-quartz-plaque-leather\/\" \/>\n<meta property=\"og:site_name\" content=\"Alexandra Matias\" \/>\n<meta property=\"article:publisher\" content=\"https:\/\/www.facebook.com\/alexandramatiasjewelry\" \/>\n<meta property=\"article:modified_time\" content=\"2025-11-25T17:32:24+00:00\" \/>\n<meta property=\"og:image\" content=\"https:\/\/alexandramatias.com\/wp-content\/uploads\/2024\/09\/9002279-relogio-Hermes-Heure-H-numeracao-arabequartzo-plaque-pele-alexandra-matias-jewelry-P1.png\" \/>\n\t<meta property=\"og:image:width\" content=\"1189\" \/>\n\t<meta property=\"og:image:height\" content=\"986\" \/>\n\t<meta property=\"og:image:type\" content=\"image\/png\" \/>\n<meta name=\"twitter:card\" content=\"summary_large_image\" \/>\n<script type=\"application\/ld+json\" class=\"yoast-schema-graph\">{\"@context\":\"https:\\\/\\\/schema.org\",\"@graph\":[{\"@type\":\"WebPage\",\"@id\":\"https:\\\/\\\/alexandramatias.com\\\/en\\\/product\\\/watch-hermes-heure-h-arabic-numerals-quartz-plaque-leather\\\/\",\"url\":\"https:\\\/\\\/alexandramatias.com\\\/en\\\/product\\\/watch-hermes-heure-h-arabic-numerals-quartz-plaque-leather\\\/\",\"name\":\"Herm\u00e8s Heure H plaqu\u00e9 watch - Alexandra Matias\",\"isPartOf\":{\"@id\":\"https:\\\/\\\/alexandramatias.com\\\/en\\\/#website\"},\"primaryImageOfPage\":{\"@id\":\"https:\\\/\\\/alexandramatias.com\\\/en\\\/product\\\/watch-hermes-heure-h-arabic-numerals-quartz-plaque-leather\\\/#primaryimage\"},\"image\":{\"@id\":\"https:\\\/\\\/alexandramatias.com\\\/en\\\/product\\\/watch-hermes-heure-h-arabic-numerals-quartz-plaque-leather\\\/#primaryimage\"},\"thumbnailUrl\":\"https:\\\/\\\/alexandramatias.com\\\/wp-content\\\/uploads\\\/2024\\\/09\\\/9002279-relogio-Hermes-Heure-H-numeracao-arabequartzo-plaque-pele-alexandra-matias-jewelry-P1.png\",\"datePublished\":\"2023-10-27T13:11:21+00:00\",\"dateModified\":\"2025-11-25T17:32:24+00:00\",\"breadcrumb\":{\"@id\":\"https:\\\/\\\/alexandramatias.com\\\/en\\\/product\\\/watch-hermes-heure-h-arabic-numerals-quartz-plaque-leather\\\/#breadcrumb\"},\"inLanguage\":\"en-US\",\"potentialAction\":[{\"@type\":\"ReadAction\",\"target\":[\"https:\\\/\\\/alexandramatias.com\\\/en\\\/product\\\/watch-hermes-heure-h-arabic-numerals-quartz-plaque-leather\\\/\"]}]},{\"@type\":\"ImageObject\",\"inLanguage\":\"en-US\",\"@id\":\"https:\\\/\\\/alexandramatias.com\\\/en\\\/product\\\/watch-hermes-heure-h-arabic-numerals-quartz-plaque-leather\\\/#primaryimage\",\"url\":\"https:\\\/\\\/alexandramatias.com\\\/wp-content\\\/uploads\\\/2024\\\/09\\\/9002279-relogio-Hermes-Heure-H-numeracao-arabequartzo-plaque-pele-alexandra-matias-jewelry-P1.png\",\"contentUrl\":\"https:\\\/\\\/alexandramatias.com\\\/wp-content\\\/uploads\\\/2024\\\/09\\\/9002279-relogio-Hermes-Heure-H-numeracao-arabequartzo-plaque-pele-alexandra-matias-jewelry-P1.png\",\"width\":1189,\"height\":986},{\"@type\":\"BreadcrumbList\",\"@id\":\"https:\\\/\\\/alexandramatias.com\\\/en\\\/product\\\/watch-hermes-heure-h-arabic-numerals-quartz-plaque-leather\\\/#breadcrumb\",\"itemListElement\":[{\"@type\":\"ListItem\",\"position\":1,\"name\":\"In\u00edcio\",\"item\":\"https:\\\/\\\/alexandramatias.com\\\/en\\\/\"},{\"@type\":\"ListItem\",\"position\":2,\"name\":\"Shop\",\"item\":\"https:\\\/\\\/alexandramatias.com\\\/en\\\/loja\\\/\"},{\"@type\":\"ListItem\",\"position\":3,\"name\":\"Herm\u00e8s Heure H plaqu\u00e9 watch\"}]},{\"@type\":\"WebSite\",\"@id\":\"https:\\\/\\\/alexandramatias.com\\\/en\\\/#website\",\"url\":\"https:\\\/\\\/alexandramatias.com\\\/en\\\/\",\"name\":\"Alexandra Matias\",\"description\":\"\",\"publisher\":{\"@id\":\"https:\\\/\\\/alexandramatias.com\\\/en\\\/#organization\"},\"potentialAction\":[{\"@type\":\"SearchAction\",\"target\":{\"@type\":\"EntryPoint\",\"urlTemplate\":\"https:\\\/\\\/alexandramatias.com\\\/en\\\/?s={search_term_string}\"},\"query-input\":{\"@type\":\"PropertyValueSpecification\",\"valueRequired\":true,\"valueName\":\"search_term_string\"}}],\"inLanguage\":\"en-US\"},{\"@type\":\"Organization\",\"@id\":\"https:\\\/\\\/alexandramatias.com\\\/en\\\/#organization\",\"name\":\"Alexandra Matias\",\"url\":\"https:\\\/\\\/alexandramatias.com\\\/en\\\/\",\"logo\":{\"@type\":\"ImageObject\",\"inLanguage\":\"en-US\",\"@id\":\"https:\\\/\\\/alexandramatias.com\\\/en\\\/#\\\/schema\\\/logo\\\/image\\\/\",\"url\":\"https:\\\/\\\/alexandramatias.com\\\/wp-content\\\/uploads\\\/2024\\\/06\\\/AMJ_Logo_Black.svg\",\"contentUrl\":\"https:\\\/\\\/alexandramatias.com\\\/wp-content\\\/uploads\\\/2024\\\/06\\\/AMJ_Logo_Black.svg\",\"width\":189,\"height\":90,\"caption\":\"Alexandra Matias\"},\"image\":{\"@id\":\"https:\\\/\\\/alexandramatias.com\\\/en\\\/#\\\/schema\\\/logo\\\/image\\\/\"},\"sameAs\":[\"https:\\\/\\\/www.facebook.com\\\/alexandramatiasjewelry\",\"https:\\\/\\\/www.instagram.com\\\/alexandramatiasjewelry\\\/\",\"https:\\\/\\\/www.tiktok.com\\\/@alexandramatiasjewelry\",\"https:\\\/\\\/id.pinterest.com\\\/alexandramatiasjewelry\\\/\"]}]}<\/script>\n<!-- \/ Yoast SEO plugin. -->","yoast_head_json":{"title":"Herm\u00e8s Heure H plaqu\u00e9 watch - Alexandra Matias","robots":{"index":"index","follow":"follow","max-snippet":"max-snippet:-1","max-image-preview":"max-image-preview:large","max-video-preview":"max-video-preview:-1"},"canonical":"https:\/\/alexandramatias.com\/en\/product\/watch-hermes-heure-h-arabic-numerals-quartz-plaque-leather\/","og_locale":"en_US","og_type":"article","og_title":"Herm\u00e8s Heure H plaqu\u00e9 watch - Alexandra Matias","og_description":"Herm\u00e8s Heure H watch, quartz movement, plaqu\u00e9 case with 30 x 41mm and 7.8mm thick. White striped dial, Arabic numerals. Hour, minute and seconds hands. Sapphire crystal. Camel leather strap and Herm\u00e8s plaqu\u00e9 buckle. Herm\u00e8s box and documents. Includes 1 year in-house warranty.","og_url":"https:\/\/alexandramatias.com\/en\/product\/watch-hermes-heure-h-arabic-numerals-quartz-plaque-leather\/","og_site_name":"Alexandra Matias","article_publisher":"https:\/\/www.facebook.com\/alexandramatiasjewelry","article_modified_time":"2025-11-25T17:32:24+00:00","og_image":[{"width":1189,"height":986,"url":"https:\/\/alexandramatias.com\/wp-content\/uploads\/2024\/09\/9002279-relogio-Hermes-Heure-H-numeracao-arabequartzo-plaque-pele-alexandra-matias-jewelry-P1.png","type":"image\/png"}],"twitter_card":"summary_large_image","schema":{"@context":"https:\/\/schema.org","@graph":[{"@type":"WebPage","@id":"https:\/\/alexandramatias.com\/en\/product\/watch-hermes-heure-h-arabic-numerals-quartz-plaque-leather\/","url":"https:\/\/alexandramatias.com\/en\/product\/watch-hermes-heure-h-arabic-numerals-quartz-plaque-leather\/","name":"Herm\u00e8s Heure H plaqu\u00e9 watch - Alexandra Matias","isPartOf":{"@id":"https:\/\/alexandramatias.com\/en\/#website"},"primaryImageOfPage":{"@id":"https:\/\/alexandramatias.com\/en\/product\/watch-hermes-heure-h-arabic-numerals-quartz-plaque-leather\/#primaryimage"},"image":{"@id":"https:\/\/alexandramatias.com\/en\/product\/watch-hermes-heure-h-arabic-numerals-quartz-plaque-leather\/#primaryimage"},"thumbnailUrl":"https:\/\/alexandramatias.com\/wp-content\/uploads\/2024\/09\/9002279-relogio-Hermes-Heure-H-numeracao-arabequartzo-plaque-pele-alexandra-matias-jewelry-P1.png","datePublished":"2023-10-27T13:11:21+00:00","dateModified":"2025-11-25T17:32:24+00:00","breadcrumb":{"@id":"https:\/\/alexandramatias.com\/en\/product\/watch-hermes-heure-h-arabic-numerals-quartz-plaque-leather\/#breadcrumb"},"inLanguage":"en-US","potentialAction":[{"@type":"ReadAction","target":["https:\/\/alexandramatias.com\/en\/product\/watch-hermes-heure-h-arabic-numerals-quartz-plaque-leather\/"]}]},{"@type":"ImageObject","inLanguage":"en-US","@id":"https:\/\/alexandramatias.com\/en\/product\/watch-hermes-heure-h-arabic-numerals-quartz-plaque-leather\/#primaryimage","url":"https:\/\/alexandramatias.com\/wp-content\/uploads\/2024\/09\/9002279-relogio-Hermes-Heure-H-numeracao-arabequartzo-plaque-pele-alexandra-matias-jewelry-P1.png","contentUrl":"https:\/\/alexandramatias.com\/wp-content\/uploads\/2024\/09\/9002279-relogio-Hermes-Heure-H-numeracao-arabequartzo-plaque-pele-alexandra-matias-jewelry-P1.png","width":1189,"height":986},{"@type":"BreadcrumbList","@id":"https:\/\/alexandramatias.com\/en\/product\/watch-hermes-heure-h-arabic-numerals-quartz-plaque-leather\/#breadcrumb","itemListElement":[{"@type":"ListItem","position":1,"name":"In\u00edcio","item":"https:\/\/alexandramatias.com\/en\/"},{"@type":"ListItem","position":2,"name":"Shop","item":"https:\/\/alexandramatias.com\/en\/loja\/"},{"@type":"ListItem","position":3,"name":"Herm\u00e8s Heure H plaqu\u00e9 watch"}]},{"@type":"WebSite","@id":"https:\/\/alexandramatias.com\/en\/#website","url":"https:\/\/alexandramatias.com\/en\/","name":"Alexandra Matias","description":"","publisher":{"@id":"https:\/\/alexandramatias.com\/en\/#organization"},"potentialAction":[{"@type":"SearchAction","target":{"@type":"EntryPoint","urlTemplate":"https:\/\/alexandramatias.com\/en\/?s={search_term_string}"},"query-input":{"@type":"PropertyValueSpecification","valueRequired":true,"valueName":"search_term_string"}}],"inLanguage":"en-US"},{"@type":"Organization","@id":"https:\/\/alexandramatias.com\/en\/#organization","name":"Alexandra Matias","url":"https:\/\/alexandramatias.com\/en\/","logo":{"@type":"ImageObject","inLanguage":"en-US","@id":"https:\/\/alexandramatias.com\/en\/#\/schema\/logo\/image\/","url":"https:\/\/alexandramatias.com\/wp-content\/uploads\/2024\/06\/AMJ_Logo_Black.svg","contentUrl":"https:\/\/alexandramatias.com\/wp-content\/uploads\/2024\/06\/AMJ_Logo_Black.svg","width":189,"height":90,"caption":"Alexandra Matias"},"image":{"@id":"https:\/\/alexandramatias.com\/en\/#\/schema\/logo\/image\/"},"sameAs":["https:\/\/www.facebook.com\/alexandramatiasjewelry","https:\/\/www.instagram.com\/alexandramatiasjewelry\/","https:\/\/www.tiktok.com\/@alexandramatiasjewelry","https:\/\/id.pinterest.com\/alexandramatiasjewelry\/"]}]}},"_links":{"self":[{"href":"https:\/\/alexandramatias.com\/en\/wp-json\/wp\/v2\/product\/44955","targetHints":{"allow":["GET"]}}],"collection":[{"href":"https:\/\/alexandramatias.com\/en\/wp-json\/wp\/v2\/product"}],"about":[{"href":"https:\/\/alexandramatias.com\/en\/wp-json\/wp\/v2\/types\/product"}],"wp:featuredmedia":[{"embeddable":true,"href":"https:\/\/alexandramatias.com\/en\/wp-json\/wp\/v2\/media\/19679"}],"wp:attachment":[{"href":"https:\/\/alexandramatias.com\/en\/wp-json\/wp\/v2\/media?parent=44955"}],"wp:term":[{"taxonomy":"product_cat","embeddable":true,"href":"https:\/\/alexandramatias.com\/en\/wp-json\/wp\/v2\/product_cat?post=44955"},{"taxonomy":"product_tag","embeddable":true,"href":"https:\/\/alexandramatias.com\/en\/wp-json\/wp\/v2\/product_tag?post=44955"}],"curies":[{"name":"wp","href":"https:\/\/api.w.org\/{rel}","templated":true}]}}